{"id":1942,"date":"2025-07-06T23:51:24","date_gmt":"2025-07-06T23:51:24","guid":{"rendered":"https:\/\/librarybah.com\/?page_id=1942"},"modified":"2025-07-08T09:27:59","modified_gmt":"2025-07-08T09:27:59","slug":"cairn","status":"publish","type":"page","link":"https:\/\/librarybah.com\/?page_id=1942","title":{"rendered":"Cairn"},"content":{"rendered":"\t\t<div data-elementor-type=\"wp-page\" data-elementor-id=\"1942\" class=\"elementor elementor-1942\">\n\t\t\t\t<div class=\"elementor-element elementor-element-04d0f56 e-flex e-con-boxed e-con e-parent\" data-id=\"04d0f56\" data-element_type=\"container\">\n\t\t\t\t\t<div class=\"e-con-inner\">\n\t\t\t\t<div class=\"elementor-element elementor-element-9573ca9 elementor-widget elementor-widget-html\" data-id=\"9573ca9\" data-element_type=\"widget\" data-widget_type=\"html.default\">\n\t\t\t\t<div class=\"elementor-widget-container\">\n\t\t\t\t\t<form action=\"https:\/\/www.google.com\/search\" method=\"get\" target=\"_blank\">\r\n  <input type=\"hidden\" name=\"sitesearch\" value=\"shs.cairn.info\">\r\n  <input type=\"text\" name=\"q\" placeholder=\"Rechercher sur Cairn.info\">\r\n  <input type=\"submit\" value=\"Rechercher\">\r\n<\/form>\r\n\t\t\t\t<\/div>\n\t\t\t\t<\/div>\n\t\t\t\t\t<\/div>\n\t\t\t\t<\/div>\n\t\t<div class=\"elementor-element elementor-element-e4c7fa2 e-flex e-con-boxed e-con e-parent\" data-id=\"e4c7fa2\" data-element_type=\"container\">\n\t\t\t\t\t<div class=\"e-con-inner\">\n\t\t\t\t<div class=\"elementor-element elementor-element-b47b5f5 elementor-widget elementor-widget-html\" data-id=\"b47b5f5\" data-element_type=\"widget\" data-widget_type=\"html.default\">\n\t\t\t\t<div class=\"elementor-widget-container\">\n\t\t\t\t\t<div id=\"cairn-blog\">\r\n  <marquee behavior=\"scroll\" direction=\"right\" scrollamount=\"5\">\r\n    <img decoding=\"async\" src=\"https:\/\/librarybah.com\/wp-content\/uploads\/2025\/07\/cainr@.jpg\" alt=\"LibraryBah Logo\" style=\"height:100px;\" \/>\r\n  <\/marquee>\r\n<\/div>\r\n\t\t\t\t<\/div>\n\t\t\t\t<\/div>\n\t\t\t\t<div class=\"elementor-element elementor-element-76eec5d elementor-widget elementor-widget-html\" data-id=\"76eec5d\" data-element_type=\"widget\" data-widget_type=\"html.default\">\n\t\t\t\t<div class=\"elementor-widget-container\">\n\t\t\t\t\t<div class=\"cairn-section\" style=\"font-family: Arial, sans-serif; line-height: 1.6; color: #333;\">\r\n  <style>\r\n    .cairn-section h2,\r\n    .cairn-section h3 {\r\n      color: #006400 !important; \/* Vert fonc\u00e9 *\/\r\n     text-align: center;\r\n     }\r\n    }\r\n  <\/style>\r\n\r\n  <h2>Fiche de Pr\u00e9sentation<\/h2>\r\n  <h3>CAIRN.info et Cairn Sciences<\/h3>\r\n  <p><strong>Biblioth\u00e8que Num\u00e9rique<\/strong><br>\r\n  <em>Contenus - Fonctionnalit\u00e9s - \u00c9volution<\/em><\/p>\r\n\r\n  <p><strong>CAIRN<\/strong> est une biblioth\u00e8que num\u00e9rique d\u00e9di\u00e9e aux Sciences Humaines, Sociales, \u00c9conomiques, Juridiques, Scientifiques et M\u00e9dicales. Elle rassemble des revues, ouvrages, encyclop\u00e9dies, magazines, vid\u00e9os\u2026 des contenus de r\u00e9f\u00e9rence et d\u2019excellence dans chaque discipline.<\/p>\r\n\r\n  <p><strong>CAIRN.info<\/strong> est la plateforme documentaire la plus compl\u00e8te et la plus utilis\u00e9e dans l\u2019espace francophone, avec une composante anglophone en forte croissance, faisant d\u2019elle une biblioth\u00e8que num\u00e9rique bilingue.<\/p>\r\n\r\n  <p>Destin\u00e9e \u00e0 l\u2019Enseignement Sup\u00e9rieur, \u00e0 la Recherche et aux professionnels des fili\u00e8res universitaires, CAIRN r\u00e9unit :<\/p>\r\n  <ul>\r\n    <li>700 revues dans tous les domaines acad\u00e9miques et professionnels<\/li>\r\n    <li>22 000 ouvrages, du manuel \u00e0 l\u2019ouvrage de recherche<\/li>\r\n    <li>Les collections <strong>Que sais-je ?<\/strong> et <strong>Rep\u00e8res<\/strong> (petite encyclop\u00e9die)<\/li>\r\n    <li>Des magazines : \u00c9conomie, Relations internationales, Sciences, Arts, Culture\u2026<\/li>\r\n    <li>Plus de 400 \u00e9diteurs partenaires<\/li>\r\n  <\/ul>\r\n\r\n  <h3>Domaines couverts par CAIRN.info<\/h3>\r\n  <ol>\r\n    <li>\u00c9conomie, Gestion, Finance, Comptabilit\u00e9, Audit, Management, Marketing, GRH, Communication, Information, D\u00e9veloppement personnel<\/li>\r\n    <li>Droit, Sciences politiques, Sciences administratives, Affaires publiques, Droit OHADA, Droit africain<\/li>\r\n    <li>G\u00e9opolitique, Relations internationales, Diplomatie, S\u00e9curit\u00e9, D\u00e9fense<\/li>\r\n    <li>M\u00e9decine, Pharmacie, Professions de sant\u00e9, \u00c9conomie et Politiques de sant\u00e9<\/li>\r\n    <li>Sciences techniques, Informatique, Ing\u00e9nierie<\/li>\r\n    <li>Humanit\u00e9s : Art, Lettres, Linguistique, Litt\u00e9rature, Histoire, G\u00e9ographie, Philosophie, Ethnologie, Anthropologie, Sociologie<\/li>\r\n    <li>Agriculture, Agronomie, Environnement, D\u00e9veloppement durable<\/li>\r\n    <li>P\u00e9dagogie, Sciences de l\u2019\u00e9ducation<\/li>\r\n    <li>Afrique, Culture africaine, D\u00e9veloppement<\/li>\r\n    <li>Sciences et culture scientifique : grands enjeux, perspectives, \u00e9volutions<\/li>\r\n  <\/ol>\r\n\r\n  <h3>Nouveaux modules 2025<\/h3>\r\n  <ul>\r\n    <li><strong>Les Sciences de l\u2019Ing\u00e9nieur<\/strong> (en partenariat avec Techniques de l\u2019Ing\u00e9nieur)<\/li>\r\n    <li><strong>Cairn Harmattan Afrique<\/strong> : 8 000 ouvrages d\u2019auteurs africains centr\u00e9s sur l\u2019Afrique<\/li>\r\n  <\/ul>\r\n\r\n  <p>Il est \u00e9galement possible de publier vos travaux de recherche gr\u00e2ce \u00e0 des partenariats avec l\u2019Harmattan et d\u2019autres \u00e9diteurs, offrant un acc\u00e8s facilit\u00e9 \u00e0 la publication.<\/p>\r\n\r\n  <h3>Fonctionnalit\u00e9s de CAIRN.info<\/h3>\r\n  <ul>\r\n    <li>Acc\u00e8s par abonnement (login\/mot de passe individuels utilisables partout avec internet)<\/li>\r\n    <li>Aucun quota de t\u00e9l\u00e9chargements ou d\u2019impressions<\/li>\r\n    <li>Accessible sur ordinateur, tablette et smartphone<\/li>\r\n    <li>Contenus multi-supports : revues, ouvrages, encyclop\u00e9dies, magazines<\/li>\r\n    <li>Contenus exclusifs issus de la francophonie et du monde anglophone<\/li>\r\n  <\/ul>\r\n\r\n  <h3>\u00c9volutions pr\u00e9vues en 2025<\/h3>\r\n  <ul>\r\n    <li>Suivi statistique d\u2019usage pour les institutions abonn\u00e9es, avec rapports mensuels<\/li>\r\n    <li>Davantage de contenus issus des pays du Sud, en particulier d\u2019Afrique<\/li>\r\n    <li>D\u00e9veloppement des versions anglophone et hispanophone via <strong>Cairn International<\/strong><\/li>\r\n  <\/ul>\r\n\r\n  <h3>Implantation mondiale<\/h3>\r\n  <p>CAIRN est pr\u00e9sent dans plus de 2 000 universit\u00e9s et institutions sur les 5 continents :<\/p>\r\n  <ul>\r\n    <li>Europe : Toutes les grandes universit\u00e9s<\/li>\r\n    <li>Am\u00e9rique : Plus de 130 grandes universit\u00e9s<\/li>\r\n    <li>Asie : Plus de 50 grandes universit\u00e9s (Chine, Japon, Cor\u00e9e du Sud\u2026)<\/li>\r\n    <li>Afrique : 400 universit\u00e9s et institutions (S\u00e9n\u00e9gal, Mali, C\u00f4te d\u2019Ivoire, B\u00e9nin, Cameroun, Burkina, Togo, Liban, \u00c9gypte, Alg\u00e9rie, Maroc, Tunisie\u2026)<\/li>\r\n  <\/ul>\r\n\r\n  <p><strong>CAIRN.info : votre biblioth\u00e8que digitale pour votre formation.<\/strong><\/p>\r\n<\/div>\r\n\t\t\t\t<\/div>\n\t\t\t\t<\/div>\n\t\t\t\t\t<\/div>\n\t\t\t\t<\/div>\n\t\t\t\t<\/div>\n\t\t","protected":false},"excerpt":{"rendered":"<p>Fiche de Pr\u00e9sentation CAIRN.info et Cairn Sciences Biblioth\u00e8que Num\u00e9rique Contenus &#8211; Fonctionnalit\u00e9s &#8211; \u00c9volution CAIRN est une biblioth\u00e8que num\u00e9rique d\u00e9di\u00e9e aux Sciences Humaines, Sociales, \u00c9conomiques, Juridiques, Scientifiques et M\u00e9dicales. Elle rassemble des revues, ouvrages, encyclop\u00e9dies, magazines, vid\u00e9os\u2026 des contenus de r\u00e9f\u00e9rence et d\u2019excellence dans chaque discipline. CAIRN.info est la plateforme documentaire la plus compl\u00e8te et [&hellip;]<\/p>\n","protected":false},"author":1,"featured_media":0,"parent":0,"menu_order":0,"comment_status":"closed","ping_status":"closed","template":"","meta":{"site-sidebar-layout":"no-sidebar","site-content-layout":"page-builder","ast-site-content-layout":"full-width-container","site-content-style":"default","site-sidebar-style":"default","ast-global-header-display":"","ast-banner-title-visibility":"","ast-main-header-display":"","ast-hfb-above-header-display":"","ast-hfb-below-header-display":"","ast-hfb-mobile-header-display":"","site-post-title":"disabled","ast-breadcrumbs-content":"","ast-featured-img":"disabled","footer-sml-layout":"","theme-transparent-header-meta":"default","adv-header-id-meta":"","stick-header-meta":"","header-above-stick-meta":"","header-main-stick-meta":"","header-below-stick-meta":"","astra-migrate-meta-layouts":"set","ast-page-background-enabled":"default","ast-page-background-meta":{"desktop":{"background-color":"","background-image":"","background-repeat":"repeat","background-position":"center center","background-size":"auto","background-attachment":"scroll","background-type":"","background-media":"","overlay-type":"","overlay-color":"","overlay-opacity":"","overlay-gradient":""},"tablet":{"background-color":"","background-image":"","background-repeat":"repeat","background-position":"center center","background-size":"auto","background-attachment":"scroll","background-type":"","background-media":"","overlay-type":"","overlay-color":"","overlay-opacity":"","overlay-gradient":""},"mobile":{"background-color":"","background-image":"","background-repeat":"repeat","background-position":"center center","background-size":"auto","background-attachment":"scroll","background-type":"","background-media":"","overlay-type":"","overlay-color":"","overlay-opacity":"","overlay-gradient":""}},"ast-content-background-meta":{"desktop":{"background-color":"var(--ast-global-color-5)","background-image":"","background-repeat":"repeat","background-position":"center center","background-size":"auto","background-attachment":"scroll","background-type":"","background-media":"","overlay-type":"","overlay-color":"","overlay-opacity":"","overlay-gradient":""},"tablet":{"background-color":"var(--ast-global-color-5)","background-image":"","background-repeat":"repeat","background-position":"center center","background-size":"auto","background-attachment":"scroll","background-type":"","background-media":"","overlay-type":"","overlay-color":"","overlay-opacity":"","overlay-gradient":""},"mobile":{"background-color":"var(--ast-global-color-5)","background-image":"","background-repeat":"repeat","background-position":"center center","background-size":"auto","background-attachment":"scroll","background-type":"","background-media":"","overlay-type":"","overlay-color":"","overlay-opacity":"","overlay-gradient":""}},"footnotes":""},"class_list":["post-1942","page","type-page","status-publish","hentry"],"yoast_head":"<!-- This site is optimized with the Yoast SEO plugin v26.3 - https:\/\/yoast.com\/wordpress\/plugins\/seo\/ -->\n<title>Cairn -<\/title>\n<meta name=\"robots\" content=\"index, follow, max-snippet:-1, max-image-preview:large, max-video-preview:-1\" \/>\n<link rel=\"canonical\" href=\"https:\/\/librarybah.com\/?page_id=1942\" \/>\n<meta property=\"og:locale\" content=\"fr_FR\" \/>\n<meta property=\"og:type\" content=\"article\" \/>\n<meta property=\"og:title\" content=\"Cairn -\" \/>\n<meta property=\"og:description\" content=\"Fiche de Pr\u00e9sentation CAIRN.info et Cairn Sciences Biblioth\u00e8que Num\u00e9rique Contenus &#8211; Fonctionnalit\u00e9s &#8211; \u00c9volution CAIRN est une biblioth\u00e8que num\u00e9rique d\u00e9di\u00e9e aux Sciences Humaines, Sociales, \u00c9conomiques, Juridiques, Scientifiques et M\u00e9dicales. Elle rassemble des revues, ouvrages, encyclop\u00e9dies, magazines, vid\u00e9os\u2026 des contenus de r\u00e9f\u00e9rence et d\u2019excellence dans chaque discipline. CAIRN.info est la plateforme documentaire la plus compl\u00e8te et [&hellip;]\" \/>\n<meta property=\"og:url\" content=\"https:\/\/librarybah.com\/?page_id=1942\" \/>\n<meta property=\"article:modified_time\" content=\"2025-07-08T09:27:59+00:00\" \/>\n<meta property=\"og:image\" content=\"https:\/\/librarybah.com\/wp-content\/uploads\/2025\/07\/cainr@.jpg\" \/>\n<meta name=\"twitter:card\" content=\"summary_large_image\" \/>\n<meta name=\"twitter:label1\" content=\"Dur\u00e9e de lecture estim\u00e9e\" \/>\n\t<meta name=\"twitter:data1\" content=\"2 minutes\" \/>\n<script type=\"application\/ld+json\" class=\"yoast-schema-graph\">{\"@context\":\"https:\/\/schema.org\",\"@graph\":[{\"@type\":\"WebPage\",\"@id\":\"https:\/\/librarybah.com\/?page_id=1942\",\"url\":\"https:\/\/librarybah.com\/?page_id=1942\",\"name\":\"Cairn -\",\"isPartOf\":{\"@id\":\"https:\/\/librarybah.com\/#website\"},\"primaryImageOfPage\":{\"@id\":\"https:\/\/librarybah.com\/?page_id=1942#primaryimage\"},\"image\":{\"@id\":\"https:\/\/librarybah.com\/?page_id=1942#primaryimage\"},\"thumbnailUrl\":\"https:\/\/librarybah.com\/wp-content\/uploads\/2025\/07\/cainr@.jpg\",\"datePublished\":\"2025-07-06T23:51:24+00:00\",\"dateModified\":\"2025-07-08T09:27:59+00:00\",\"breadcrumb\":{\"@id\":\"https:\/\/librarybah.com\/?page_id=1942#breadcrumb\"},\"inLanguage\":\"fr-FR\",\"potentialAction\":[{\"@type\":\"ReadAction\",\"target\":[\"https:\/\/librarybah.com\/?page_id=1942\"]}]},{\"@type\":\"ImageObject\",\"inLanguage\":\"fr-FR\",\"@id\":\"https:\/\/librarybah.com\/?page_id=1942#primaryimage\",\"url\":\"https:\/\/librarybah.com\/wp-content\/uploads\/2025\/07\/cainr@.jpg\",\"contentUrl\":\"https:\/\/librarybah.com\/wp-content\/uploads\/2025\/07\/cainr@.jpg\",\"width\":380,\"height\":90},{\"@type\":\"BreadcrumbList\",\"@id\":\"https:\/\/librarybah.com\/?page_id=1942#breadcrumb\",\"itemListElement\":[{\"@type\":\"ListItem\",\"position\":1,\"name\":\"Accueil\",\"item\":\"https:\/\/librarybah.com\/\"},{\"@type\":\"ListItem\",\"position\":2,\"name\":\"Cairn\"}]},{\"@type\":\"WebSite\",\"@id\":\"https:\/\/librarybah.com\/#website\",\"url\":\"https:\/\/librarybah.com\/\",\"name\":\"Librairie BAH SARL\",\"description\":\"\",\"publisher\":{\"@id\":\"https:\/\/librarybah.com\/#organization\"},\"potentialAction\":[{\"@type\":\"SearchAction\",\"target\":{\"@type\":\"EntryPoint\",\"urlTemplate\":\"https:\/\/librarybah.com\/?s={search_term_string}\"},\"query-input\":{\"@type\":\"PropertyValueSpecification\",\"valueRequired\":true,\"valueName\":\"search_term_string\"}}],\"inLanguage\":\"fr-FR\"},{\"@type\":\"Organization\",\"@id\":\"https:\/\/librarybah.com\/#organization\",\"name\":\"Librairie BAH SARL\",\"url\":\"https:\/\/librarybah.com\/\",\"logo\":{\"@type\":\"ImageObject\",\"inLanguage\":\"fr-FR\",\"@id\":\"https:\/\/librarybah.com\/#\/schema\/logo\/image\/\",\"url\":\"https:\/\/librarybah.com\/wp-content\/uploads\/2025\/06\/cropped-forlo-removebg-preview.png\",\"contentUrl\":\"https:\/\/librarybah.com\/wp-content\/uploads\/2025\/06\/cropped-forlo-removebg-preview.png\",\"width\":448,\"height\":446,\"caption\":\"Librairie BAH SARL\"},\"image\":{\"@id\":\"https:\/\/librarybah.com\/#\/schema\/logo\/image\/\"}}]}<\/script>\n<!-- \/ Yoast SEO plugin. -->","yoast_head_json":{"title":"Cairn -","robots":{"index":"index","follow":"follow","max-snippet":"max-snippet:-1","max-image-preview":"max-image-preview:large","max-video-preview":"max-video-preview:-1"},"canonical":"https:\/\/librarybah.com\/?page_id=1942","og_locale":"fr_FR","og_type":"article","og_title":"Cairn -","og_description":"Fiche de Pr\u00e9sentation CAIRN.info et Cairn Sciences Biblioth\u00e8que Num\u00e9rique Contenus &#8211; Fonctionnalit\u00e9s &#8211; \u00c9volution CAIRN est une biblioth\u00e8que num\u00e9rique d\u00e9di\u00e9e aux Sciences Humaines, Sociales, \u00c9conomiques, Juridiques, Scientifiques et M\u00e9dicales. Elle rassemble des revues, ouvrages, encyclop\u00e9dies, magazines, vid\u00e9os\u2026 des contenus de r\u00e9f\u00e9rence et d\u2019excellence dans chaque discipline. CAIRN.info est la plateforme documentaire la plus compl\u00e8te et [&hellip;]","og_url":"https:\/\/librarybah.com\/?page_id=1942","article_modified_time":"2025-07-08T09:27:59+00:00","og_image":[{"url":"https:\/\/librarybah.com\/wp-content\/uploads\/2025\/07\/cainr@.jpg","type":"","width":"","height":""}],"twitter_card":"summary_large_image","twitter_misc":{"Dur\u00e9e de lecture estim\u00e9e":"2 minutes"},"schema":{"@context":"https:\/\/schema.org","@graph":[{"@type":"WebPage","@id":"https:\/\/librarybah.com\/?page_id=1942","url":"https:\/\/librarybah.com\/?page_id=1942","name":"Cairn -","isPartOf":{"@id":"https:\/\/librarybah.com\/#website"},"primaryImageOfPage":{"@id":"https:\/\/librarybah.com\/?page_id=1942#primaryimage"},"image":{"@id":"https:\/\/librarybah.com\/?page_id=1942#primaryimage"},"thumbnailUrl":"https:\/\/librarybah.com\/wp-content\/uploads\/2025\/07\/cainr@.jpg","datePublished":"2025-07-06T23:51:24+00:00","dateModified":"2025-07-08T09:27:59+00:00","breadcrumb":{"@id":"https:\/\/librarybah.com\/?page_id=1942#breadcrumb"},"inLanguage":"fr-FR","potentialAction":[{"@type":"ReadAction","target":["https:\/\/librarybah.com\/?page_id=1942"]}]},{"@type":"ImageObject","inLanguage":"fr-FR","@id":"https:\/\/librarybah.com\/?page_id=1942#primaryimage","url":"https:\/\/librarybah.com\/wp-content\/uploads\/2025\/07\/cainr@.jpg","contentUrl":"https:\/\/librarybah.com\/wp-content\/uploads\/2025\/07\/cainr@.jpg","width":380,"height":90},{"@type":"BreadcrumbList","@id":"https:\/\/librarybah.com\/?page_id=1942#breadcrumb","itemListElement":[{"@type":"ListItem","position":1,"name":"Accueil","item":"https:\/\/librarybah.com\/"},{"@type":"ListItem","position":2,"name":"Cairn"}]},{"@type":"WebSite","@id":"https:\/\/librarybah.com\/#website","url":"https:\/\/librarybah.com\/","name":"Librairie BAH SARL","description":"","publisher":{"@id":"https:\/\/librarybah.com\/#organization"},"potentialAction":[{"@type":"SearchAction","target":{"@type":"EntryPoint","urlTemplate":"https:\/\/librarybah.com\/?s={search_term_string}"},"query-input":{"@type":"PropertyValueSpecification","valueRequired":true,"valueName":"search_term_string"}}],"inLanguage":"fr-FR"},{"@type":"Organization","@id":"https:\/\/librarybah.com\/#organization","name":"Librairie BAH SARL","url":"https:\/\/librarybah.com\/","logo":{"@type":"ImageObject","inLanguage":"fr-FR","@id":"https:\/\/librarybah.com\/#\/schema\/logo\/image\/","url":"https:\/\/librarybah.com\/wp-content\/uploads\/2025\/06\/cropped-forlo-removebg-preview.png","contentUrl":"https:\/\/librarybah.com\/wp-content\/uploads\/2025\/06\/cropped-forlo-removebg-preview.png","width":448,"height":446,"caption":"Librairie BAH SARL"},"image":{"@id":"https:\/\/librarybah.com\/#\/schema\/logo\/image\/"}}]}},"jetpack_sharing_enabled":true,"_links":{"self":[{"href":"https:\/\/librarybah.com\/index.php?rest_route=\/wp\/v2\/pages\/1942","targetHints":{"allow":["GET"]}}],"collection":[{"href":"https:\/\/librarybah.com\/index.php?rest_route=\/wp\/v2\/pages"}],"about":[{"href":"https:\/\/librarybah.com\/index.php?rest_route=\/wp\/v2\/types\/page"}],"author":[{"embeddable":true,"href":"https:\/\/librarybah.com\/index.php?rest_route=\/wp\/v2\/users\/1"}],"replies":[{"embeddable":true,"href":"https:\/\/librarybah.com\/index.php?rest_route=%2Fwp%2Fv2%2Fcomments&post=1942"}],"version-history":[{"count":55,"href":"https:\/\/librarybah.com\/index.php?rest_route=\/wp\/v2\/pages\/1942\/revisions"}],"predecessor-version":[{"id":2015,"href":"https:\/\/librarybah.com\/index.php?rest_route=\/wp\/v2\/pages\/1942\/revisions\/2015"}],"wp:attachment":[{"href":"https:\/\/librarybah.com\/index.php?rest_route=%2Fwp%2Fv2%2Fmedia&parent=1942"}],"curies":[{"name":"wp","href":"https:\/\/api.w.org\/{rel}","templated":true}]}}